{"id":6424,"date":"2021-09-08T11:12:12","date_gmt":"2021-09-08T09:12:12","guid":{"rendered":"https:\/\/taxis-courchevel.com\/?page_id=6424"},"modified":"2021-09-08T11:52:58","modified_gmt":"2021-09-08T09:52:58","slug":"mercedes-gle","status":"publish","type":"page","link":"https:\/\/taxis-courchevel.com\/fr\/mercedes-gle\/","title":{"rendered":"MERCEDES GLE"},"content":{"rendered":"\t\t<div data-elementor-type=\"wp-page\" data-elementor-id=\"6424\" class=\"elementor elementor-6424\">\n\t\t\t\t\t\t\t\t\t<section class=\"elementor-section elementor-top-section elementor-element elementor-element-3ca07db elementor-section-boxed elementor-section-height-default elementor-section-height-default\" data-id=\"3ca07db\" data-element_type=\"section\">\n\t\t\t\t\t\t<div class=\"elementor-container elementor-column-gap-default\">\n\t\t\t\t\t<div class=\"elementor-column elementor-col-66 elementor-top-column elementor-element elementor-element-f059be5\" data-id=\"f059be5\" data-element_type=\"column\">\n\t\t\t<div class=\"elementor-widget-wrap elementor-element-populated\">\n\t\t\t\t\t\t\t\t<div class=\"elementor-element elementor-element-23fc165 elementor-arrows-position-inside elementor-pagination-position-outside elementor-widget elementor-widget-image-carousel\" data-id=\"23fc165\" data-element_type=\"widget\" data-settings=\"{&quot;slides_to_show&quot;:&quot;1&quot;,&quot;navigation&quot;:&quot;both&quot;,&quot;autoplay&quot;:&quot;yes&quot;,&quot;pause_on_hover&quot;:&quot;yes&quot;,&quot;pause_on_interaction&quot;:&quot;yes&quot;,&quot;autoplay_speed&quot;:5000,&quot;infinite&quot;:&quot;yes&quot;,&quot;effect&quot;:&quot;slide&quot;,&quot;speed&quot;:500}\" data-widget_type=\"image-carousel.default\">\n\t\t\t\t<div class=\"elementor-widget-container\">\n\t\t\t<style>\/*! elementor - v3.18.0 - 20-12-2023 *\/\n.elementor-widget-image-carousel .swiper,.elementor-widget-image-carousel .swiper-container{position:static}.elementor-widget-image-carousel .swiper-container .swiper-slide figure,.elementor-widget-image-carousel .swiper .swiper-slide figure{line-height:inherit}.elementor-widget-image-carousel .swiper-slide{text-align:center}.elementor-image-carousel-wrapper:not(.swiper-container-initialized):not(.swiper-initialized) .swiper-slide{max-width:calc(100% \/ var(--e-image-carousel-slides-to-show, 3))}<\/style>\t\t<div class=\"elementor-image-carousel-wrapper swiper-container\" dir=\"ltr\">\n\t\t\t<div class=\"elementor-image-carousel swiper-wrapper\" aria-live=\"off\">\n\t\t\t\t\t\t\t\t<div class=\"swiper-slide\" role=\"group\" aria-roledescription=\"slide\" aria-label=\"1 sur 3\"><figure class=\"swiper-slide-inner\"><img decoding=\"async\" class=\"swiper-slide-image\" src=\"https:\/\/taxis-courchevel.com\/wp-content\/uploads\/2019\/11\/interieur-mercedes-gle.jpg\" alt=\"mercedes gle int\u00e9rieur\" \/><\/figure><\/div><div class=\"swiper-slide\" role=\"group\" aria-roledescription=\"slide\" aria-label=\"2 sur 3\"><figure class=\"swiper-slide-inner\"><img decoding=\"async\" class=\"swiper-slide-image\" src=\"https:\/\/taxis-courchevel.com\/wp-content\/uploads\/2019\/11\/exterieur-mercedes-gle.jpg\" alt=\"mercedes GLE exterieur\" \/><\/figure><\/div><div class=\"swiper-slide\" role=\"group\" aria-roledescription=\"slide\" aria-label=\"3 sur 3\"><figure class=\"swiper-slide-inner\"><img decoding=\"async\" class=\"swiper-slide-image\" src=\"https:\/\/taxis-courchevel.com\/wp-content\/uploads\/2019\/11\/interieur-2-mercedes-gle.jpg\" alt=\"sieges mercedes GLE\" \/><\/figure><\/div>\t\t\t<\/div>\n\t\t\t\t\t\t\t\t\t\t\t\t<div class=\"elementor-swiper-button elementor-swiper-button-prev\" role=\"button\" tabindex=\"0\">\n\t\t\t\t\t\t<i aria-hidden=\"true\" class=\"eicon-chevron-left\"><\/i>\t\t\t\t\t<\/div>\n\t\t\t\t\t<div class=\"elementor-swiper-button elementor-swiper-button-next\" role=\"button\" tabindex=\"0\">\n\t\t\t\t\t\t<i aria-hidden=\"true\" class=\"eicon-chevron-right\"><\/i>\t\t\t\t\t<\/div>\n\t\t\t\t\n\t\t\t\t\t\t\t\t\t<div class=\"swiper-pagination\"><\/div>\n\t\t\t\t\t\t\t\t\t<\/div>\n\t\t\t\t<\/div>\n\t\t\t\t<\/div>\n\t\t\t\t<div class=\"elementor-element elementor-element-7e64226 elementor-widget elementor-widget-heading\" data-id=\"7e64226\" data-element_type=\"widget\" data-widget_type=\"heading.default\">\n\t\t\t\t<div class=\"elementor-widget-container\">\n\t\t\t<style>\/*! elementor - v3.18.0 - 20-12-2023 *\/\n.elementor-heading-title{padding:0;margin:0;line-height:1}.elementor-widget-heading .elementor-heading-title[class*=elementor-size-]>a{color:inherit;font-size:inherit;line-height:inherit}.elementor-widget-heading .elementor-heading-title.elementor-size-small{font-size:15px}.elementor-widget-heading .elementor-heading-title.elementor-size-medium{font-size:19px}.elementor-widget-heading .elementor-heading-title.elementor-size-large{font-size:29px}.elementor-widget-heading .elementor-heading-title.elementor-size-xl{font-size:39px}.elementor-widget-heading .elementor-heading-title.elementor-size-xxl{font-size:59px}<\/style><h2 class=\"elementor-heading-title elementor-size-default\">SUIVEZ VOTRE INTUITION<\/h2>\t\t<\/div>\n\t\t\t\t<\/div>\n\t\t\t\t<div class=\"elementor-element elementor-element-53d0870 elementor-widget elementor-widget-text-editor\" data-id=\"53d0870\" data-element_type=\"widget\" data-widget_type=\"text-editor.default\">\n\t\t\t\t<div class=\"elementor-widget-container\">\n\t\t\t<style>\/*! elementor - v3.18.0 - 20-12-2023 *\/\n.elementor-widget-text-editor.elementor-drop-cap-view-stacked .elementor-drop-cap{background-color:#69727d;color:#fff}.elementor-widget-text-editor.elementor-drop-cap-view-framed .elementor-drop-cap{color:#69727d;border:3px solid;background-color:transparent}.elementor-widget-text-editor:not(.elementor-drop-cap-view-default) .elementor-drop-cap{margin-top:8px}.elementor-widget-text-editor:not(.elementor-drop-cap-view-default) .elementor-drop-cap-letter{width:1em;height:1em}.elementor-widget-text-editor .elementor-drop-cap{float:left;text-align:center;line-height:1;font-size:50px}.elementor-widget-text-editor .elementor-drop-cap-letter{display:inline-block}<\/style>\t\t\t\t<p>Des surfaces sensuelles, des formes muscl\u00e9es et des lignes claires caract\u00e9risent le design du GLE. Il est quasiment impossible d\u2019exprimer de mani\u00e8re plus \u00e9l\u00e9gante et dynamique la puissance. Chaque fonction, chaque d\u00e9tail du GLE servent un m\u00eame objectif : vous offrir le plus d\u2019espace et de confort possible.<\/p>\t\t\t\t\t\t<\/div>\n\t\t\t\t<\/div>\n\t\t\t\t\t<\/div>\n\t\t<\/div>\n\t\t\t\t<div class=\"elementor-column elementor-col-33 elementor-top-column elementor-element elementor-element-0bda4f8\" data-id=\"0bda4f8\" data-element_type=\"column\">\n\t\t\t<div class=\"elementor-widget-wrap elementor-element-populated\">\n\t\t\t\t\t\t\t\t<div class=\"elementor-element elementor-element-8112136 elementor-widget elementor-widget-image\" data-id=\"8112136\" data-element_type=\"widget\" data-widget_type=\"image.default\">\n\t\t\t\t<div class=\"elementor-widget-container\">\n\t\t\t<style>\/*! elementor - v3.18.0 - 20-12-2023 *\/\n.elementor-widget-image{text-align:center}.elementor-widget-image a{display:inline-block}.elementor-widget-image a img[src$=\".svg\"]{width:48px}.elementor-widget-image img{vertical-align:middle;display:inline-block}<\/style>\t\t\t\t\t\t\t\t\t\t\t\t<img fetchpriority=\"high\" decoding=\"async\" width=\"960\" height=\"540\" src=\"https:\/\/taxis-courchevel.com\/wp-content\/uploads\/2019\/11\/taxis-courchevel-mercedes-GLE-1024x576.jpg\" class=\"attachment-large size-large wp-image-6327\" alt=\"mercedes GLE\" srcset=\"https:\/\/taxis-courchevel.com\/wp-content\/uploads\/2019\/11\/taxis-courchevel-mercedes-GLE-1024x576.jpg 1024w, https:\/\/taxis-courchevel.com\/wp-content\/uploads\/2019\/11\/taxis-courchevel-mercedes-GLE-300x169.jpg 300w, https:\/\/taxis-courchevel.com\/wp-content\/uploads\/2019\/11\/taxis-courchevel-mercedes-GLE-768x432.jpg 768w, https:\/\/taxis-courchevel.com\/wp-content\/uploads\/2019\/11\/taxis-courchevel-mercedes-GLE.jpg 1920w\" sizes=\"(max-width: 960px) 100vw, 960px\" \/>\t\t\t\t\t\t\t\t\t\t\t\t\t\t\t<\/div>\n\t\t\t\t<\/div>\n\t\t\t\t<div class=\"elementor-element elementor-element-3660bc3 elementor-widget elementor-widget-heading\" data-id=\"3660bc3\" data-element_type=\"widget\" data-widget_type=\"heading.default\">\n\t\t\t\t<div class=\"elementor-widget-container\">\n\t\t\t<p class=\"elementor-heading-title elementor-size-default\">MERCEDES GLE<\/p>\t\t<\/div>\n\t\t\t\t<\/div>\n\t\t\t\t<div class=\"elementor-element elementor-element-7bd393d elementor-icon-list--layout-traditional elementor-list-item-link-full_width elementor-widget elementor-widget-icon-list\" data-id=\"7bd393d\" data-element_type=\"widget\" data-widget_type=\"icon-list.default\">\n\t\t\t\t<div class=\"elementor-widget-container\">\n\t\t\t<link rel=\"stylesheet\" href=\"https:\/\/taxis-courchevel.com\/wp-content\/plugins\/elementor\/assets\/css\/widget-icon-list.min.css\">\t\t<ul class=\"elementor-icon-list-items\">\n\t\t\t\t\t\t\t<li class=\"elementor-icon-list-item\">\n\t\t\t\t\t\t\t\t\t\t\t<span class=\"elementor-icon-list-icon\">\n\t\t\t\t\t\t\t<i aria-hidden=\"true\" class=\"fas fa-user-friends\"><\/i>\t\t\t\t\t\t<\/span>\n\t\t\t\t\t\t\t\t\t\t<span class=\"elementor-icon-list-text\">1 \u00e0 3 places<\/span>\n\t\t\t\t\t\t\t\t\t<\/li>\n\t\t\t\t\t\t\t\t<li class=\"elementor-icon-list-item\">\n\t\t\t\t\t\t\t\t\t\t\t<span class=\"elementor-icon-list-icon\">\n\t\t\t\t\t\t\t<i aria-hidden=\"true\" class=\"fas fa-check\"><\/i>\t\t\t\t\t\t<\/span>\n\t\t\t\t\t\t\t\t\t\t<span class=\"elementor-icon-list-text\">Int\u00e9rieur en cuir<\/span>\n\t\t\t\t\t\t\t\t\t<\/li>\n\t\t\t\t\t\t\t\t<li class=\"elementor-icon-list-item\">\n\t\t\t\t\t\t\t\t\t\t\t<span class=\"elementor-icon-list-icon\">\n\t\t\t\t\t\t\t<i aria-hidden=\"true\" class=\"fas fa-fire-alt\"><\/i>\t\t\t\t\t\t<\/span>\n\t\t\t\t\t\t\t\t\t\t<span class=\"elementor-icon-list-text\">Si\u00e8ges chauffants<\/span>\n\t\t\t\t\t\t\t\t\t<\/li>\n\t\t\t\t\t\t\t\t<li class=\"elementor-icon-list-item\">\n\t\t\t\t\t\t\t\t\t\t\t<span class=\"elementor-icon-list-icon\">\n\t\t\t\t\t\t\t<i aria-hidden=\"true\" class=\"fas fa-window-maximize\"><\/i>\t\t\t\t\t\t<\/span>\n\t\t\t\t\t\t\t\t\t\t<span class=\"elementor-icon-list-text\">Vitres teint\u00e9es<\/span>\n\t\t\t\t\t\t\t\t\t<\/li>\n\t\t\t\t\t\t\t\t<li class=\"elementor-icon-list-item\">\n\t\t\t\t\t\t\t\t\t\t\t<span class=\"elementor-icon-list-icon\">\n\t\t\t\t\t\t\t<i aria-hidden=\"true\" class=\"fas fa-charging-station\"><\/i>\t\t\t\t\t\t<\/span>\n\t\t\t\t\t\t\t\t\t\t<span class=\"elementor-icon-list-text\">Chargeur Iphone<\/span>\n\t\t\t\t\t\t\t\t\t<\/li>\n\t\t\t\t\t\t\t\t<li class=\"elementor-icon-list-item\">\n\t\t\t\t\t\t\t\t\t\t\t<span class=\"elementor-icon-list-icon\">\n\t\t\t\t\t\t\t<i aria-hidden=\"true\" class=\"fas fa-wifi\"><\/i>\t\t\t\t\t\t<\/span>\n\t\t\t\t\t\t\t\t\t\t<span class=\"elementor-icon-list-text\">Wifi<\/span>\n\t\t\t\t\t\t\t\t\t<\/li>\n\t\t\t\t\t\t\t\t<li class=\"elementor-icon-list-item\">\n\t\t\t\t\t\t\t\t\t\t\t<span class=\"elementor-icon-list-icon\">\n\t\t\t\t\t\t\t<i aria-hidden=\"true\" class=\"fas fa-baby\"><\/i>\t\t\t\t\t\t<\/span>\n\t\t\t\t\t\t\t\t\t\t<span class=\"elementor-icon-list-text\">Si\u00e8ge b\u00e9b\u00e9<\/span>\n\t\t\t\t\t\t\t\t\t<\/li>\n\t\t\t\t\t\t<\/ul>\n\t\t\t\t<\/div>\n\t\t\t\t<\/div>\n\t\t\t\t<div class=\"elementor-element elementor-element-8f6907e elementor-align-center elementor-widget elementor-widget-button\" data-id=\"8f6907e\" data-element_type=\"widget\" data-widget_type=\"button.default\">\n\t\t\t\t<div class=\"elementor-widget-container\">\n\t\t\t\t\t<div class=\"elementor-button-wrapper\">\n\t\t\t<a class=\"elementor-button elementor-button-link elementor-size-lg\" href=\"https:\/\/taxis-courchevel.com\/contact\/\">\n\t\t\t\t\t\t<span class=\"elementor-button-content-wrapper\">\n\t\t\t\t\t\t<span class=\"elementor-button-text\">R\u00c9SERVER MAINTENANT<\/span>\n\t\t<\/span>\n\t\t\t\t\t<\/a>\n\t\t<\/div>\n\t\t\t\t<\/div>\n\t\t\t\t<\/div>\n\t\t\t\t\t<\/div>\n\t\t<\/div>\n\t\t\t\t\t\t\t<\/div>\n\t\t<\/section>\n\t\t\t\t\t\t\t<\/div>\n\t\t","protected":false},"excerpt":{"rendered":"<p>Pr\u00e9c\u00e9dent Suivant SUIVEZ VOTRE INTUITION Des surfaces sensuelles, des formes muscl\u00e9es et des lignes claires caract\u00e9risent le design du GLE. Il est quasiment impossible d\u2019exprimer de mani\u00e8re plus \u00e9l\u00e9gante et dynamique la puissance. Chaque fonction, chaque d\u00e9tail du GLE servent un m\u00eame objectif : vous offrir le plus d\u2019espace et de confort possible. MERCEDES GLE&#8230; <\/p>\n<div class=\"clear\"><\/div>\n<p><a href=\"https:\/\/taxis-courchevel.com\/fr\/mercedes-gle\/\" class=\"limoking-button large excerpt-read-more\">Read More<\/a><\/p>\n","protected":false},"author":1,"featured_media":6327,"parent":0,"menu_order":0,"comment_status":"closed","ping_status":"closed","template":"elementor_header_footer","meta":{"footnotes":""},"yoast_head":"<!-- This site is optimized with the Yoast SEO plugin v21.8 - https:\/\/yoast.com\/wordpress\/plugins\/seo\/ -->\n<title>Taxi MERCEDES GLE - Courchevel<\/title>\n<meta name=\"description\" content=\"R\u00e9servez maintenant votre MERCEDES GLE pour vos trajets \u00e0 destination et depuis Courchevel.\" \/>\n<meta name=\"robots\" content=\"index, follow, max-snippet:-1, max-image-preview:large, max-video-preview:-1\" \/>\n<link rel=\"canonical\" href=\"https:\/\/taxis-courchevel.com\/fr\/mercedes-gle\/\" \/>\n<meta property=\"og:locale\" content=\"fr_FR\" \/>\n<meta property=\"og:type\" content=\"article\" \/>\n<meta property=\"og:title\" content=\"Taxi MERCEDES GLE - Courchevel\" \/>\n<meta property=\"og:description\" content=\"R\u00e9servez maintenant votre MERCEDES GLE pour vos trajets \u00e0 destination et depuis Courchevel.\" \/>\n<meta property=\"og:url\" content=\"https:\/\/taxis-courchevel.com\/fr\/mercedes-gle\/\" \/>\n<meta property=\"og:site_name\" content=\"Taxis Des Neiges\" \/>\n<meta property=\"article:modified_time\" content=\"2021-09-08T09:52:58+00:00\" \/>\n<meta property=\"og:image\" content=\"https:\/\/taxis-courchevel.com\/wp-content\/uploads\/2019\/11\/taxis-courchevel-mercedes-GLE.jpg\" \/>\n\t<meta property=\"og:image:width\" content=\"1920\" \/>\n\t<meta property=\"og:image:height\" content=\"1080\" \/>\n\t<meta property=\"og:image:type\" content=\"image\/jpeg\" \/>\n<meta name=\"twitter:card\" content=\"summary_large_image\" \/>\n<script type=\"application\/ld+json\" class=\"yoast-schema-graph\">{\"@context\":\"https:\/\/schema.org\",\"@graph\":[{\"@type\":\"WebPage\",\"@id\":\"https:\/\/taxis-courchevel.com\/fr\/mercedes-gle\/\",\"url\":\"https:\/\/taxis-courchevel.com\/fr\/mercedes-gle\/\",\"name\":\"Taxi MERCEDES GLE - Courchevel\",\"isPartOf\":{\"@id\":\"https:\/\/taxis-courchevel.com\/fr\/#website\"},\"datePublished\":\"2021-09-08T09:12:12+00:00\",\"dateModified\":\"2021-09-08T09:52:58+00:00\",\"description\":\"R\u00e9servez maintenant votre MERCEDES GLE pour vos trajets \u00e0 destination et depuis Courchevel.\",\"breadcrumb\":{\"@id\":\"https:\/\/taxis-courchevel.com\/fr\/mercedes-gle\/#breadcrumb\"},\"inLanguage\":\"fr-FR\",\"potentialAction\":[{\"@type\":\"ReadAction\",\"target\":[\"https:\/\/taxis-courchevel.com\/fr\/mercedes-gle\/\"]}]},{\"@type\":\"BreadcrumbList\",\"@id\":\"https:\/\/taxis-courchevel.com\/fr\/mercedes-gle\/#breadcrumb\",\"itemListElement\":[{\"@type\":\"ListItem\",\"position\":1,\"name\":\"Accueil\",\"item\":\"https:\/\/taxis-courchevel.com\/fr\/\"},{\"@type\":\"ListItem\",\"position\":2,\"name\":\"MERCEDES GLE\"}]},{\"@type\":\"WebSite\",\"@id\":\"https:\/\/taxis-courchevel.com\/fr\/#website\",\"url\":\"https:\/\/taxis-courchevel.com\/fr\/\",\"name\":\"Taxis Des Neiges\",\"description\":\"Service de Taxis et de location de voiture avec ou sans chauffeur \u00e0 Courchevel\",\"publisher\":{\"@id\":\"https:\/\/taxis-courchevel.com\/fr\/#organization\"},\"potentialAction\":[{\"@type\":\"SearchAction\",\"target\":{\"@type\":\"EntryPoint\",\"urlTemplate\":\"https:\/\/taxis-courchevel.com\/fr\/?s={search_term_string}\"},\"query-input\":\"required name=search_term_string\"}],\"inLanguage\":\"fr-FR\"},{\"@type\":\"Organization\",\"@id\":\"https:\/\/taxis-courchevel.com\/fr\/#organization\",\"name\":\"TAXIS DES NEIGE\",\"url\":\"https:\/\/taxis-courchevel.com\/fr\/\",\"logo\":{\"@type\":\"ImageObject\",\"inLanguage\":\"fr-FR\",\"@id\":\"https:\/\/taxis-courchevel.com\/fr\/#\/schema\/logo\/image\/\",\"url\":\"https:\/\/taxis-courchevel.com\/wp-content\/uploads\/2019\/10\/logo-taxis-des-neige-noir-metal.jpg\",\"contentUrl\":\"https:\/\/taxis-courchevel.com\/wp-content\/uploads\/2019\/10\/logo-taxis-des-neige-noir-metal.jpg\",\"width\":1182,\"height\":1182,\"caption\":\"TAXIS DES NEIGE\"},\"image\":{\"@id\":\"https:\/\/taxis-courchevel.com\/fr\/#\/schema\/logo\/image\/\"}}]}<\/script>\n<!-- \/ Yoast SEO plugin. -->","yoast_head_json":{"title":"Taxi MERCEDES GLE - Courchevel","description":"R\u00e9servez maintenant votre MERCEDES GLE pour vos trajets \u00e0 destination et depuis Courchevel.","robots":{"index":"index","follow":"follow","max-snippet":"max-snippet:-1","max-image-preview":"max-image-preview:large","max-video-preview":"max-video-preview:-1"},"canonical":"https:\/\/taxis-courchevel.com\/fr\/mercedes-gle\/","og_locale":"fr_FR","og_type":"article","og_title":"Taxi MERCEDES GLE - Courchevel","og_description":"R\u00e9servez maintenant votre MERCEDES GLE pour vos trajets \u00e0 destination et depuis Courchevel.","og_url":"https:\/\/taxis-courchevel.com\/fr\/mercedes-gle\/","og_site_name":"Taxis Des Neiges","article_modified_time":"2021-09-08T09:52:58+00:00","og_image":[{"width":1920,"height":1080,"url":"https:\/\/taxis-courchevel.com\/wp-content\/uploads\/2019\/11\/taxis-courchevel-mercedes-GLE.jpg","type":"image\/jpeg"}],"twitter_card":"summary_large_image","schema":{"@context":"https:\/\/schema.org","@graph":[{"@type":"WebPage","@id":"https:\/\/taxis-courchevel.com\/fr\/mercedes-gle\/","url":"https:\/\/taxis-courchevel.com\/fr\/mercedes-gle\/","name":"Taxi MERCEDES GLE - Courchevel","isPartOf":{"@id":"https:\/\/taxis-courchevel.com\/fr\/#website"},"datePublished":"2021-09-08T09:12:12+00:00","dateModified":"2021-09-08T09:52:58+00:00","description":"R\u00e9servez maintenant votre MERCEDES GLE pour vos trajets \u00e0 destination et depuis Courchevel.","breadcrumb":{"@id":"https:\/\/taxis-courchevel.com\/fr\/mercedes-gle\/#breadcrumb"},"inLanguage":"fr-FR","potentialAction":[{"@type":"ReadAction","target":["https:\/\/taxis-courchevel.com\/fr\/mercedes-gle\/"]}]},{"@type":"BreadcrumbList","@id":"https:\/\/taxis-courchevel.com\/fr\/mercedes-gle\/#breadcrumb","itemListElement":[{"@type":"ListItem","position":1,"name":"Accueil","item":"https:\/\/taxis-courchevel.com\/fr\/"},{"@type":"ListItem","position":2,"name":"MERCEDES GLE"}]},{"@type":"WebSite","@id":"https:\/\/taxis-courchevel.com\/fr\/#website","url":"https:\/\/taxis-courchevel.com\/fr\/","name":"Taxis Des Neiges","description":"Service de Taxis et de location de voiture avec ou sans chauffeur \u00e0 Courchevel","publisher":{"@id":"https:\/\/taxis-courchevel.com\/fr\/#organization"},"potentialAction":[{"@type":"SearchAction","target":{"@type":"EntryPoint","urlTemplate":"https:\/\/taxis-courchevel.com\/fr\/?s={search_term_string}"},"query-input":"required name=search_term_string"}],"inLanguage":"fr-FR"},{"@type":"Organization","@id":"https:\/\/taxis-courchevel.com\/fr\/#organization","name":"TAXIS DES NEIGE","url":"https:\/\/taxis-courchevel.com\/fr\/","logo":{"@type":"ImageObject","inLanguage":"fr-FR","@id":"https:\/\/taxis-courchevel.com\/fr\/#\/schema\/logo\/image\/","url":"https:\/\/taxis-courchevel.com\/wp-content\/uploads\/2019\/10\/logo-taxis-des-neige-noir-metal.jpg","contentUrl":"https:\/\/taxis-courchevel.com\/wp-content\/uploads\/2019\/10\/logo-taxis-des-neige-noir-metal.jpg","width":1182,"height":1182,"caption":"TAXIS DES NEIGE"},"image":{"@id":"https:\/\/taxis-courchevel.com\/fr\/#\/schema\/logo\/image\/"}}]}},"_links":{"self":[{"href":"https:\/\/taxis-courchevel.com\/fr\/wp-json\/wp\/v2\/pages\/6424"}],"collection":[{"href":"https:\/\/taxis-courchevel.com\/fr\/wp-json\/wp\/v2\/pages"}],"about":[{"href":"https:\/\/taxis-courchevel.com\/fr\/wp-json\/wp\/v2\/types\/page"}],"author":[{"embeddable":true,"href":"https:\/\/taxis-courchevel.com\/fr\/wp-json\/wp\/v2\/users\/1"}],"replies":[{"embeddable":true,"href":"https:\/\/taxis-courchevel.com\/fr\/wp-json\/wp\/v2\/comments?post=6424"}],"version-history":[{"count":10,"href":"https:\/\/taxis-courchevel.com\/fr\/wp-json\/wp\/v2\/pages\/6424\/revisions"}],"predecessor-version":[{"id":6516,"href":"https:\/\/taxis-courchevel.com\/fr\/wp-json\/wp\/v2\/pages\/6424\/revisions\/6516"}],"wp:featuredmedia":[{"embeddable":true,"href":"https:\/\/taxis-courchevel.com\/fr\/wp-json\/wp\/v2\/media\/6327"}],"wp:attachment":[{"href":"https:\/\/taxis-courchevel.com\/fr\/wp-json\/wp\/v2\/media?parent=6424"}],"curies":[{"name":"wp","href":"https:\/\/api.w.org\/{rel}","templated":true}]}}